{"id":236,"date":"2020-01-23T18:21:52","date_gmt":"2020-01-23T18:21:52","guid":{"rendered":"https:\/\/demosites.io\/web-agency-gb\/?page_id=61"},"modified":"2021-03-11T06:25:21","modified_gmt":"2021-03-11T06:25:21","slug":"about-us","status":"publish","type":"page","link":"https:\/\/multisigns-roadsafety.com\/es\/about-us\/","title":{"rendered":"Sobre nosotros"},"content":{"rendered":"<h2>Conoce m\u00e1s<\/h2>\n<h2>Sobre nosotros<\/h2>\n<h2>Perm\u00edtanos contarle m\u00e1s sobre qui\u00e9nes somos, de d\u00f3nde venimos y c\u00f3mo hemos crecido durante muchos a\u00f1os para convertirnos en una fuente confiable de suministros de seguridad vial.<\/h2>\n<h2>Quienes somos<\/h2>\n<p>La creaci\u00f3n de Multisigns surge de la necesidad de desarrollar productos innovadores sin precedentes, que realmente cumplan con los requisitos de uso, funci\u00f3n, costo, competitividad y seguridad en materia de carreteras. Todo ello, aprovechando el conocimiento y la tecnolog\u00eda de m\u00e1s de 30 a\u00f1os de experiencia en la fabricaci\u00f3n de productos pl\u00e1sticos.<\/p>\n<p>Multisigns se consolida dentro del mercado de se\u00f1alizaci\u00f3n vial y accesorios aumentando su fabricaci\u00f3n y siendo la primera empresa de su tipo en incorporar el uso y aprovechamiento de la energ\u00eda solar aplicada a productos viales, teniendo como resultado un \u00e1rea de accesorios electr\u00f3nicos viales, y con ello dando una nueva perspectiva de eficiencia en t\u00e9rminos de protecci\u00f3n y seguridad vial.<\/p>\n<p>En este mismo per\u00edodo, nuestra amplia capacidad operativa, t\u00e9cnica y financiera nos permiti\u00f3 diversificar a\u00fan m\u00e1s y desarrollar nuevos productos, fabricando m\u00e1s de 620 diferentes en nuestra l\u00ednea de accesorios y se\u00f1alizaci\u00f3n vial.<\/p>\n<p>En marzo de 2002, Multisigns lanz\u00f3 al mercado un nuevo concepto en ropa de seguridad vial de alta visibilidad, como respuesta para mejorar la protecci\u00f3n de la vida de las personas que trabajan en condiciones de poca luz y visibilidad durante el d\u00eda y la noche.<\/p>\n<p>En noviembre de 2004, tras a\u00f1os de estudios y pruebas de laboratorio, se introdujo en el mercado el montante de carretera de acero inoxidable, que en dise\u00f1o y tecnolog\u00eda supera a todos los dem\u00e1s conocidos en el mercado.<\/p>\n<p>Hoy somos una empresa s\u00f3lida y especializada que fabrica y comercializa productos con la mejor calidad y precio, cuya misi\u00f3n y principales objetivos son ofrecer siempre innovaci\u00f3n en tecnolog\u00eda de ingenier\u00eda vial enfocada a la prevenci\u00f3n de accidentes y protecci\u00f3n de la vida en ciudades y carreteras.<\/p>\n<p>Actualmente Multisigns sigue innovando y desarrollando nuevos productos acorde a las necesidades de nuestro tiempo.<\/p>\n<p>\t\t\t\t\t\t\t\t\t\t<img decoding=\"async\" src=\"http:\/\/multisigns-roadsafety.com\/wp-content\/uploads\/elementor\/thumbs\/neve-web-design-bg-09-p3b0nvmpi213c00z9o5vxkijhnzfo6ljurv47v7jrm.jpg\" title=\"web-design-bg-09\" alt=\"web-design-bg-09\" \/>\t\t\t\t\t\t\t\t\t\t\t<\/p>\n<h2>Nosotros cuidamos de tu bienestar.<\/h2>\n<p>\t\t\t\t\t<a target=\"_blank\" rel=\"noopener\"><br \/>\n\t\t\t\t\t\tFacebook-f<br \/>\n\t\t\t\t\t\t\t\t\t\t\t<\/a><br \/>\n\t\t\t\t\t<a target=\"_blank\" rel=\"noopener\"><br \/>\n\t\t\t\t\t\tLinkedin-in<br \/>\n\t\t\t\t\t\t\t\t\t\t\t<\/a><br \/>\n\t\t\t\t\t<a target=\"_blank\" rel=\"noopener\"><br \/>\n\t\t\t\t\t\tInstagram<br \/>\n\t\t\t\t\t\t\t\t\t\t\t<\/a><\/p>","protected":false},"excerpt":{"rendered":"<p>get to know us About Us Let us tell you more about who we are, where we came from, and how we have grown over many years to become a trusted source for traffic safety supplies. Who we are The creation of Multisigns arises from the need to develop unprecedented innovative products, which truly meet [&hellip;]<\/p>","protected":false},"author":1,"featured_media":0,"parent":0,"menu_order":0,"comment_status":"closed","ping_status":"closed","template":"","meta":{"footnotes":""},"class_list":["post-236","page","type-page","status-publish","hentry"],"_links":{"self":[{"href":"https:\/\/multisigns-roadsafety.com\/es\/wp-json\/wp\/v2\/pages\/236","targetHints":{"allow":["GET"]}}],"collection":[{"href":"https:\/\/multisigns-roadsafety.com\/es\/wp-json\/wp\/v2\/pages"}],"about":[{"href":"https:\/\/multisigns-roadsafety.com\/es\/wp-json\/wp\/v2\/types\/page"}],"author":[{"embeddable":true,"href":"https:\/\/multisigns-roadsafety.com\/es\/wp-json\/wp\/v2\/users\/1"}],"replies":[{"embeddable":true,"href":"https:\/\/multisigns-roadsafety.com\/es\/wp-json\/wp\/v2\/comments?post=236"}],"version-history":[{"count":0,"href":"https:\/\/multisigns-roadsafety.com\/es\/wp-json\/wp\/v2\/pages\/236\/revisions"}],"wp:attachment":[{"href":"https:\/\/multisigns-roadsafety.com\/es\/wp-json\/wp\/v2\/media?parent=236"}],"curies":[{"name":"wp","href":"https:\/\/api.w.org\/{rel}","templated":true}]}}