{"id":230,"date":"2020-01-13T11:17:52","date_gmt":"2020-01-13T11:17:52","guid":{"rendered":"https:\/\/demosites.io\/web-agency-gb\/?page_id=5"},"modified":"2023-11-09T05:05:28","modified_gmt":"2023-11-09T05:05:28","slug":"home","status":"publish","type":"page","link":"https:\/\/multisigns-roadsafety.com\/es\/","title":{"rendered":"INICIO"},"content":{"rendered":"<p>Slide 1 HeadingLorem ipsum dolor sit amet consectetur adipiscing elit dolorClick HereSlide 2 HeadingLorem ipsum dolor sit amet consectetur adipiscing elit dolorClick HereSlide 3 HeadingLorem ipsum dolor sit amet consectetur adipiscing elit dolorClick Here<br \/>\n\t\t\t\t\t\t\t\t\t\t\t\t\t\tPrevious slide<br \/>\n\t\t\t\t\t\t\t\t\t\t\t\t\t\tNext slide<\/p>\n<h3>Suscr\u00edbete para recibir noticias y promociones exclusivas, adem\u00e1s de nuestros descuentos mensuales.<\/h3>\n<h2>Se el primero en recibir nuestras ofertas y productos nuevos.<\/h2>\n<p>\t\t\t<iframe loading=\"lazy\"\n\t\t\t\t\tsrc=\"https:\/\/maps.google.com\/maps?q=3408%20W%2084th&#038;t=m&#038;z=14&#038;output=embed&#038;iwloc=near\"\n\t\t\t\t\ttitle=\"3408 W 84th\"\n\t\t\t\t\taria-label=\"3408 W 84th\"\n\t\t\t><\/iframe><\/p>\n<h1>Encu\u00e9ntranos<\/h1>\n<h3>Oficina Central<\/h3>\n<p>3408 W 84th ST Suite 208 Hialeah FL<\/p>\n<p>Si necesitas mayor informaci\u00f3n o una cotizaci\u00f3n especial, por favor cont\u00e1ctanos y perm\u00edtenos trabajar contigo como tu proveedor clave.<\/p>\n<p>\t\t\t<a href=\"https:\/\/multisigns-roadsafety.com\/es\/contact-us\/\" target=\"_blank\" rel=\"noopener\"><br \/>\n\t\t\t\t\t\tCont\u00e1ctanos<br \/>\n\t\t\t\t\t<\/a><\/p>","protected":false},"excerpt":{"rendered":"<p>Slide 1 HeadingLorem ipsum dolor sit amet consectetur adipiscing elit dolorClick HereSlide 2 HeadingLorem ipsum dolor sit amet consectetur adipiscing elit dolorClick HereSlide 3 HeadingLorem ipsum dolor sit amet consectetur adipiscing elit dolorClick Here Previous slide Next slide Subscribe to receive updates on new products, exclusive deals and monthly discounts Be the first to get [&hellip;]<\/p>","protected":false},"author":1,"featured_media":0,"parent":0,"menu_order":0,"comment_status":"closed","ping_status":"closed","template":"elementor_header_footer","meta":{"footnotes":""},"class_list":["post-230","page","type-page","status-publish","hentry"],"_links":{"self":[{"href":"https:\/\/multisigns-roadsafety.com\/es\/wp-json\/wp\/v2\/pages\/230","targetHints":{"allow":["GET"]}}],"collection":[{"href":"https:\/\/multisigns-roadsafety.com\/es\/wp-json\/wp\/v2\/pages"}],"about":[{"href":"https:\/\/multisigns-roadsafety.com\/es\/wp-json\/wp\/v2\/types\/page"}],"author":[{"embeddable":true,"href":"https:\/\/multisigns-roadsafety.com\/es\/wp-json\/wp\/v2\/users\/1"}],"replies":[{"embeddable":true,"href":"https:\/\/multisigns-roadsafety.com\/es\/wp-json\/wp\/v2\/comments?post=230"}],"version-history":[{"count":54,"href":"https:\/\/multisigns-roadsafety.com\/es\/wp-json\/wp\/v2\/pages\/230\/revisions"}],"predecessor-version":[{"id":4467,"href":"https:\/\/multisigns-roadsafety.com\/es\/wp-json\/wp\/v2\/pages\/230\/revisions\/4467"}],"wp:attachment":[{"href":"https:\/\/multisigns-roadsafety.com\/es\/wp-json\/wp\/v2\/media?parent=230"}],"curies":[{"name":"wp","href":"https:\/\/api.w.org\/{rel}","templated":true}]}}